{"id":10,"date":"2020-09-28T09:09:20","date_gmt":"2020-09-28T09:09:20","guid":{"rendered":"https:\/\/www.ginmare.com\/it-it\/legal-notice\/"},"modified":"2020-10-14T08:55:17","modified_gmt":"2020-10-14T08:55:17","slug":"avviso-legale","status":"publish","type":"page","link":"https:\/\/www.ginmare.com\/it-it\/avviso-legale\/","title":{"rendered":"Avviso legale"},"content":{"rendered":"<p>Ai sensi della <strong>Legge 34\/2002, dell&#8217;11 luglio, sui Servizi delle Societ\u00e0 dell\u2019 Informazione e del Commercio Elettronico<\/strong>, ai sensi della <strong>Legge Organica 15\/1999, del 13 dicembre, sulla Protezione dei Dati Personali (RDLOPD)<\/strong>, e del suo <strong>Regolamento di Sviluppo con il Regio Decreto 1720\/2007, del 21 dicembre<\/strong>, viene notificato quanto segue:<\/p>\n<p>https:\/\/www.ginmare.com\/ \u00e8 un dominio Internet di propriet\u00e0 di &#8220;<strong>Global Premium Brands, S.A.<\/strong>&#8220;, titolare di NIF n. <strong>A84615483<\/strong>, con sede in Calle Conde de Romanones, 18, Azuqueca de Henares, C.P. 19200, Guadalajara, Castilla La Mancha, Spagna. La societ\u00e0 \u00e8 iscritta nel Registro delle Imprese di Madrid, Volume 22458, Libro 0, Foglio 8, sezione 8, Pagina M-496587, Iscrizione 1.<\/p>\n<p>&#8220;<strong>Global Premium Brands, S.A.<\/strong>&#8220;, responsabile del sito web, d&#8217;ora in poi LA PARTE RESPONSABILE, mette a disposizione dei suoi utenti il presente documento, con l&#8217;obiettivo di adempiere agli obblighi previsti dalla Legge 34\/2002, dell&#8217;11 luglio, sui servizi della societ\u00e0 dell&#8217;informazione e il commercio elettronico (LSSICE), BOE n. 166, oltre a informare tutti gli utenti del sito web delle sue condizioni d&#8217;uso. Chiunque acceda a questo sito web si considera un utente del sito e come tale si impegna al rispetto e alla stretta osservanza delle disposizioni ivi contenute, nonch\u00e9 di qualsiasi altra disposizione di legge applicabile. &#8220;Global Premium Brands, S.A.&#8221;, si riserva il diritto di modificare qualsiasi tipo di informazione che possa apparire sul sito web, senza alcun obbligo di avvertire o informare gli utenti di tali obblighi, fermo restando che la pubblicazione sul sito web di &#8220;<strong>Global Premium Brands, S.A.<\/strong>&#8221; costituisce un preavviso sufficiente.<\/p>\n<h3>1. PROPRIET\u00c0 INTELLETTUALE E INDUSTRIALE<\/h3>\n<p>Tutti i contenuti di questo sito web, inclusi, a titolo esemplificativo ma non esaustivo, la programmazione, la modifica, la compilazione, i disegni, i loghi, i testi e\/o la grafica, sono di propriet\u00e0 della PARTE RESPONSABILE o, se del caso, sono coperti da una licenza o da un&#8217;espressa autorizzazione degli autori. Tutti i contenuti del sito web sono debitamente protetti dalle norme sulla propriet\u00e0 intellettuale e industriale e sono registrati nei corrispondenti registri pubblici. Indipendentemente dalla loro destinazione d&#8217;uso, la riproduzione totale o parziale dei contenuti, o l&#8217;uso, lo sfruttamento, la distribuzione e la commercializzazione degli stessi, richiederanno in ogni caso una preventiva autorizzazione scritta da parte della PARTE RESPONSABILE. Qualsiasi utilizzo non preventivamente autorizzato sar\u00e0 considerato una grave violazione dei diritti di propriet\u00e0 intellettuale o industriale dell&#8217;autore. I disegni, i loghi, i testi e\/o la grafica non appartenenti a LA PARTE RESPONSABILE che dovessero apparire sul sito web, appartengono ai rispettivi proprietari, che saranno essi stessi responsabili di ogni possibile conflitto che dovesse sorgere in merito. LA PARTE RESPONSABILE autorizza espressamente i terzi a reindirizzare direttamente ai contenuti specifici del sito web e, in ogni caso, a reindirizzare al sito web principale https:\/\/www.ginmare.com\/.<\/p>\n<p>LA PARTE RESPONSABILE riconosce i corrispondenti diritti di propriet\u00e0 intellettuale e industriale dei rispettivi proprietari, e la semplice menzione o apparizione sul sito web non implica l&#8217;esistenza di diritti o di alcuna responsabilit\u00e0 in merito, n\u00e9 il sostegno, la sponsorizzazione o la raccomandazione da parte degli stessi.<\/p>\n<p>Qualsiasi osservazione relativa a possibili violazioni dei diritti di propriet\u00e0 intellettuale o industriale, cos\u00ec come qualsiasi contenuto del sito web, pu\u00f2 essere fatta tramite l&#8217;indirizzo e-mail <a href=\"mailto:lopd@globalpremiumbrands.com\">lopd@globalpremiumbrands.com<\/a>.<\/p>\n<h3>2. LIMITAZIONE DI RESPONSABILIT\u00c0<\/h3>\n<p>LA PARTE RESPONSABILE \u00e8 esonerata da ogni tipo di responsabilit\u00e0 derivante dalle informazioni pubblicate sul proprio sito web, a condizione che tali informazioni siano state trattate o inserite da terzi.<\/p>\n<p><strong>Utilizzo dei Cookie<\/strong><\/p>\n<p>Questo sito web utilizza la tecnologia cookie (piccoli file di informazioni che il server invia al computer della persona che accede alla pagina) per svolgere alcune funzioni ritenute essenziali per il corretto funzionamento e la corretta visualizzazione del sito. I cookies utilizzati sono in ogni caso temporanei e hanno il solo scopo di rendere pi\u00f9 efficiente la navigazione e vengono cancellati al termine della sessione utente.<\/p>\n<p>Per ulteriori informazioni, consultare la nostra Politica sui cookie.<\/p>\n<p><strong>Politica dei link<\/strong><\/p>\n<p>Questo sito web pu\u00f2 reindirizzarvi verso contenuti provenienti da siti web di terze parti. Dato che LA PARTE RESPONSABILE non pu\u00f2 sempre controllare i contenuti inseriti da terzi nei rispettivi siti web, non si assume alcun tipo di responsabilit\u00e0 al riguardo. In ogni caso, essa proceder\u00e0 all&#8217;immediato ritiro di qualsiasi contenuto che possa violare la legislazione nazionale o internazionale, la morale o l&#8217;ordine pubblico, e proceder\u00e0 all&#8217;immediata rimozione di qualsiasi reindirizzamento a tale sito web, portando il relativo contenuto all&#8217;attenzione delle autorit\u00e0 competenti. LA PARTE RESPONSABILE non \u00e8 responsabile delle informazioni e dei contenuti archiviati, a titolo esemplificativo e non limitativo: forum, chat, generatori di blog, commenti, social network o qualsiasi altro mezzo che permetta a terzi di pubblicare autonomamente contenuti sul sito web della PARTE RESPONSABILE. Tuttavia, e in conformit\u00e0 alle disposizioni degli articoli 11 e 16 della LSSICE, essa rimane a disposizione di tutti gli utenti, delle autorit\u00e0 e delle forze di sicurezza, al fine di collaborare attivamente al ritiro o, nel caso, al blocco di tutti i contenuti che possono pregiudicare o violare la legislazione nazionale o internazionale, i diritti di terzi o la morale e l&#8217;ordine pubblico. Nel caso in cui l&#8217;utente ritenga che qualsiasi contenuto del sito web sia suscettibile della suddetta classificazione \u00e8 pregato di informare immediatamente il gestore del sito. Questo sito web \u00e8 stato esaminato e testato per funzionare correttamente. In linea di principio, il suo corretto funzionamento pu\u00f2 essere garantito 365 giorni all&#8217;anno, 24 ore su 24. Tuttavia, LA PARTE RESPONSABILE non esclude l&#8217;esistenza di alcuni errori di programmazione, o il verificarsi di eventi imprevedibili, catastrofi naturali, scioperi o circostanze simili che possano rendere impossibile l&#8217;accesso al sito web.<\/p>\n<p><strong>Indirizzi IP<\/strong><\/p>\n<p>I server del sito web sono in grado di rilevare automaticamente l&#8217;indirizzo IP e il nome di dominio utilizzati dall&#8217;utente. Un indirizzo IP \u00e8 un numero assegnato automaticamente a un computer quando si collega a Internet. Tutte queste informazioni vengono registrate in un file di attivit\u00e0 del server debitamente registrato che consente la successiva elaborazione dei dati al solo scopo di ottenere metriche statistiche che forniscono la conoscenza del numero di impression di pagina, il numero di visite effettuate ai server web, l&#8217;ordine delle visite, il punto di accesso, ecc.<\/p>\n<h3>3. LEGGE APPLICABILE E GIURISDIZIONE<\/h3>\n<p>Per la risoluzione di tutti i conflitti o questioni relative a questo sito web o alle attivit\u00e0 in esso sviluppate, sar\u00e0 applicabile la legislazione spagnola, alla quale le parti si sottopongono espressamente, essendo i Tribunali e le Corti pi\u00f9 vicini a Las Palmas de Gran Canaria competenti a risolvere tutti i conflitti che sorgono o sono legati al suo utilizzo.<\/p>\n<p>Il contenuto, l&#8217;organizzazione e la scelta dei relativi link sono stati selezionati e coordinati da &#8220;<strong>Global Premium Brands, S.A.<\/strong>&#8220;,<\/p>\n<p>La riproduzione totale o parziale del contenuto di questo sito web \u00e8 vietata senza menzionarne l&#8217;origine o chiederne l&#8217;autorizzazione.<\/p>\n","protected":false},"excerpt":{"rendered":"<p>Ai sensi della Legge 34\/2002, dell&#8217;11 luglio, sui Servizi delle Societ\u00e0 dell\u2019 Informazione e del Commercio Elettronico, ai sensi della Legge Organica 15\/1999, del 13 dicembre, sulla Protezione dei Dati Personali (RDLOPD), e del suo Regolamento di Sviluppo con il Regio Decreto 1720\/2007, del 21 dicembre, viene notificato quanto segue: https:\/\/www.ginmare.com\/ \u00e8 un dominio Internet [&hellip;]<\/p>\n","protected":false},"author":1,"featured_media":239,"parent":0,"menu_order":22,"comment_status":"closed","ping_status":"closed","template":"","meta":{"_acf_changed":false,"_gspb_post_css":"","footnotes":""},"class_list":["post-10","page","type-page","status-publish","has-post-thumbnail","hentry"],"acf":[],"yoast_head":"<!-- This site is optimized with the Yoast SEO plugin v27.2 - https:\/\/yoast.com\/product\/yoast-seo-wordpress\/ -->\n<title>Avviso legale - Gin Mare Italia<\/title>\n<meta name=\"description\" content=\"Ai sensi della Legge 34\/2002, dell&#039;11 luglio, sui Servizi delle Societ\u00e0 dell\u2019 Informazione e del Commercio Elettronico, ai sensi della Legge Organica\" \/>\n<meta name=\"robots\" content=\"index, follow, max-snippet:-1, max-image-preview:large, max-video-preview:-1\" \/>\n<link rel=\"canonical\" href=\"https:\/\/dev-gm-22.pantheonsite.io\/it-it\/avviso-legale\/\" \/>\n<meta property=\"og:locale\" content=\"it_IT\" \/>\n<meta property=\"og:type\" content=\"article\" \/>\n<meta property=\"og:title\" content=\"Avviso legale - Gin Mare Italia\" \/>\n<meta property=\"og:description\" content=\"Ai sensi della Legge 34\/2002, dell&#039;11 luglio, sui Servizi delle Societ\u00e0 dell\u2019 Informazione e del Commercio Elettronico, ai sensi della Legge Organica\" \/>\n<meta property=\"og:url\" content=\"https:\/\/dev-gm-22.pantheonsite.io\/it-it\/avviso-legale\/\" \/>\n<meta property=\"og:site_name\" content=\"Gin Mare Italia\" \/>\n<meta property=\"article:modified_time\" content=\"2020-10-14T08:55:17+00:00\" \/>\n<meta property=\"og:image\" content=\"https:\/\/dev-gm-22.pantheonsite.io\/it-it\/wp-content\/uploads\/sites\/3\/2020\/10\/no-image-1600x900-1-1200x630.jpg\" \/>\n\t<meta property=\"og:image:width\" content=\"1200\" \/>\n\t<meta property=\"og:image:height\" content=\"630\" \/>\n\t<meta property=\"og:image:type\" content=\"image\/jpeg\" \/>\n<meta name=\"twitter:card\" content=\"summary_large_image\" \/>\n<meta name=\"twitter:label1\" content=\"Tempo di lettura stimato\" \/>\n\t<meta name=\"twitter:data1\" content=\"5 minuti\" \/>\n<script type=\"application\/ld+json\" class=\"yoast-schema-graph\">{\"@context\":\"https:\/\/schema.org\",\"@graph\":[{\"@type\":\"WebPage\",\"@id\":\"https:\/\/dev-gm-22.pantheonsite.io\/it-it\/avviso-legale\/\",\"url\":\"https:\/\/dev-gm-22.pantheonsite.io\/it-it\/avviso-legale\/\",\"name\":\"Avviso legale - Gin Mare Italia\",\"isPartOf\":{\"@id\":\"https:\/\/dev-gm-22.pantheonsite.io\/it-it\/#website\"},\"primaryImageOfPage\":{\"@id\":\"https:\/\/dev-gm-22.pantheonsite.io\/it-it\/avviso-legale\/#primaryimage\"},\"image\":{\"@id\":\"https:\/\/dev-gm-22.pantheonsite.io\/it-it\/avviso-legale\/#primaryimage\"},\"thumbnailUrl\":\"https:\/\/www.ginmare.com\/it-it\/wp-content\/uploads\/sites\/3\/2020\/10\/no-image-1600x900-1.jpg\",\"datePublished\":\"2020-09-28T09:09:20+00:00\",\"dateModified\":\"2020-10-14T08:55:17+00:00\",\"description\":\"Ai sensi della Legge 34\/2002, dell'11 luglio, sui Servizi delle Societ\u00e0 dell\u2019 Informazione e del Commercio Elettronico, ai sensi della Legge Organica\",\"breadcrumb\":{\"@id\":\"https:\/\/dev-gm-22.pantheonsite.io\/it-it\/avviso-legale\/#breadcrumb\"},\"inLanguage\":\"it-IT\",\"potentialAction\":[{\"@type\":\"ReadAction\",\"target\":[\"https:\/\/dev-gm-22.pantheonsite.io\/it-it\/avviso-legale\/\"]}]},{\"@type\":\"ImageObject\",\"inLanguage\":\"it-IT\",\"@id\":\"https:\/\/dev-gm-22.pantheonsite.io\/it-it\/avviso-legale\/#primaryimage\",\"url\":\"https:\/\/www.ginmare.com\/it-it\/wp-content\/uploads\/sites\/3\/2020\/10\/no-image-1600x900-1.jpg\",\"contentUrl\":\"https:\/\/www.ginmare.com\/it-it\/wp-content\/uploads\/sites\/3\/2020\/10\/no-image-1600x900-1.jpg\",\"width\":1600,\"height\":900},{\"@type\":\"BreadcrumbList\",\"@id\":\"https:\/\/dev-gm-22.pantheonsite.io\/it-it\/avviso-legale\/#breadcrumb\",\"itemListElement\":[{\"@type\":\"ListItem\",\"position\":1,\"name\":\"Portada\",\"item\":\"https:\/\/dev-gm-22.pantheonsite.io\/it-it\/\"},{\"@type\":\"ListItem\",\"position\":2,\"name\":\"Avviso legale\"}]},{\"@type\":\"WebSite\",\"@id\":\"https:\/\/dev-gm-22.pantheonsite.io\/it-it\/#website\",\"url\":\"https:\/\/dev-gm-22.pantheonsite.io\/it-it\/\",\"name\":\"Gin Mare Italia\",\"description\":\"We have managed to distill and bottle the mediterranean to export it to the world.\",\"potentialAction\":[{\"@type\":\"SearchAction\",\"target\":{\"@type\":\"EntryPoint\",\"urlTemplate\":\"https:\/\/dev-gm-22.pantheonsite.io\/it-it\/?s={search_term_string}\"},\"query-input\":{\"@type\":\"PropertyValueSpecification\",\"valueRequired\":true,\"valueName\":\"search_term_string\"}}],\"inLanguage\":\"it-IT\"}]}<\/script>\n<!-- \/ Yoast SEO plugin. -->","yoast_head_json":{"title":"Avviso legale - Gin Mare Italia","description":"Ai sensi della Legge 34\/2002, dell'11 luglio, sui Servizi delle Societ\u00e0 dell\u2019 Informazione e del Commercio Elettronico, ai sensi della Legge Organica","robots":{"index":"index","follow":"follow","max-snippet":"max-snippet:-1","max-image-preview":"max-image-preview:large","max-video-preview":"max-video-preview:-1"},"canonical":"https:\/\/dev-gm-22.pantheonsite.io\/it-it\/avviso-legale\/","og_locale":"it_IT","og_type":"article","og_title":"Avviso legale - Gin Mare Italia","og_description":"Ai sensi della Legge 34\/2002, dell'11 luglio, sui Servizi delle Societ\u00e0 dell\u2019 Informazione e del Commercio Elettronico, ai sensi della Legge Organica","og_url":"https:\/\/dev-gm-22.pantheonsite.io\/it-it\/avviso-legale\/","og_site_name":"Gin Mare Italia","article_modified_time":"2020-10-14T08:55:17+00:00","og_image":[{"width":1200,"height":630,"url":"https:\/\/dev-gm-22.pantheonsite.io\/it-it\/wp-content\/uploads\/sites\/3\/2020\/10\/no-image-1600x900-1-1200x630.jpg","type":"image\/jpeg"}],"twitter_card":"summary_large_image","twitter_misc":{"Tempo di lettura stimato":"5 minuti"},"schema":{"@context":"https:\/\/schema.org","@graph":[{"@type":"WebPage","@id":"https:\/\/dev-gm-22.pantheonsite.io\/it-it\/avviso-legale\/","url":"https:\/\/dev-gm-22.pantheonsite.io\/it-it\/avviso-legale\/","name":"Avviso legale - Gin Mare Italia","isPartOf":{"@id":"https:\/\/dev-gm-22.pantheonsite.io\/it-it\/#website"},"primaryImageOfPage":{"@id":"https:\/\/dev-gm-22.pantheonsite.io\/it-it\/avviso-legale\/#primaryimage"},"image":{"@id":"https:\/\/dev-gm-22.pantheonsite.io\/it-it\/avviso-legale\/#primaryimage"},"thumbnailUrl":"https:\/\/www.ginmare.com\/it-it\/wp-content\/uploads\/sites\/3\/2020\/10\/no-image-1600x900-1.jpg","datePublished":"2020-09-28T09:09:20+00:00","dateModified":"2020-10-14T08:55:17+00:00","description":"Ai sensi della Legge 34\/2002, dell'11 luglio, sui Servizi delle Societ\u00e0 dell\u2019 Informazione e del Commercio Elettronico, ai sensi della Legge Organica","breadcrumb":{"@id":"https:\/\/dev-gm-22.pantheonsite.io\/it-it\/avviso-legale\/#breadcrumb"},"inLanguage":"it-IT","potentialAction":[{"@type":"ReadAction","target":["https:\/\/dev-gm-22.pantheonsite.io\/it-it\/avviso-legale\/"]}]},{"@type":"ImageObject","inLanguage":"it-IT","@id":"https:\/\/dev-gm-22.pantheonsite.io\/it-it\/avviso-legale\/#primaryimage","url":"https:\/\/www.ginmare.com\/it-it\/wp-content\/uploads\/sites\/3\/2020\/10\/no-image-1600x900-1.jpg","contentUrl":"https:\/\/www.ginmare.com\/it-it\/wp-content\/uploads\/sites\/3\/2020\/10\/no-image-1600x900-1.jpg","width":1600,"height":900},{"@type":"BreadcrumbList","@id":"https:\/\/dev-gm-22.pantheonsite.io\/it-it\/avviso-legale\/#breadcrumb","itemListElement":[{"@type":"ListItem","position":1,"name":"Portada","item":"https:\/\/dev-gm-22.pantheonsite.io\/it-it\/"},{"@type":"ListItem","position":2,"name":"Avviso legale"}]},{"@type":"WebSite","@id":"https:\/\/dev-gm-22.pantheonsite.io\/it-it\/#website","url":"https:\/\/dev-gm-22.pantheonsite.io\/it-it\/","name":"Gin Mare Italia","description":"We have managed to distill and bottle the mediterranean to export it to the world.","potentialAction":[{"@type":"SearchAction","target":{"@type":"EntryPoint","urlTemplate":"https:\/\/dev-gm-22.pantheonsite.io\/it-it\/?s={search_term_string}"},"query-input":{"@type":"PropertyValueSpecification","valueRequired":true,"valueName":"search_term_string"}}],"inLanguage":"it-IT"}]}},"_links":{"self":[{"href":"https:\/\/www.ginmare.com\/it-it\/wp-json\/wp\/v2\/pages\/10","targetHints":{"allow":["GET"]}}],"collection":[{"href":"https:\/\/www.ginmare.com\/it-it\/wp-json\/wp\/v2\/pages"}],"about":[{"href":"https:\/\/www.ginmare.com\/it-it\/wp-json\/wp\/v2\/types\/page"}],"author":[{"embeddable":true,"href":"https:\/\/www.ginmare.com\/it-it\/wp-json\/wp\/v2\/users\/1"}],"replies":[{"embeddable":true,"href":"https:\/\/www.ginmare.com\/it-it\/wp-json\/wp\/v2\/comments?post=10"}],"version-history":[{"count":5,"href":"https:\/\/www.ginmare.com\/it-it\/wp-json\/wp\/v2\/pages\/10\/revisions"}],"predecessor-version":[{"id":244,"href":"https:\/\/www.ginmare.com\/it-it\/wp-json\/wp\/v2\/pages\/10\/revisions\/244"}],"wp:featuredmedia":[{"embeddable":true,"href":"https:\/\/www.ginmare.com\/it-it\/wp-json\/wp\/v2\/media\/239"}],"wp:attachment":[{"href":"https:\/\/www.ginmare.com\/it-it\/wp-json\/wp\/v2\/media?parent=10"}],"curies":[{"name":"wp","href":"https:\/\/api.w.org\/{rel}","templated":true}]}}