{"id":8,"date":"2020-09-28T08:25:23","date_gmt":"2020-09-28T08:25:23","guid":{"rendered":"https:\/\/www.ginmare.com\/es-es\/privacy-policy\/"},"modified":"2020-10-06T14:14:04","modified_gmt":"2020-10-06T14:14:04","slug":"politica-de-privacidad","status":"publish","type":"page","link":"https:\/\/www.ginmare.com\/es-es\/politica-de-privacidad\/","title":{"rendered":"Pol\u00edtica de privacidad"},"content":{"rendered":"<h3>1.- <u>Informaci\u00f3n al usuario<\/u><\/h3>\n<p><strong>\u201c<\/strong><strong>GLOBAL PREMIUM BRANDS, S.A<\/strong><strong>.\u201d<\/strong>, en adelante RESPONSABLE, es el Responsable del tratamiento de los datos personales del Usuario y le informa que estos datos ser\u00e1n tratados de conformidad con lo dispuesto en las normativas vigentes en protecci\u00f3n de datos personales, <strong>el Reglamento Europeo UE 2016\/679 de 27 de abril de 2016. (RGPD). Ley Org\u00e1nica 3\/2018, de 5 de diciembre, de Protecci\u00f3n de Datos Personales y Garant\u00eda de los Derechos Digitales y la Ley de Internet, LSSICE, Ley de Servicios de la Sociedad de la Informaci\u00f3n y el Comercio Electr\u00f3nico. Ley 34\/2002 de 11 de julio<\/strong>, por lo que se le facilita la siguiente informaci\u00f3n del tratamiento:<\/p>\n<p><strong>Fin del tratamiento: <\/strong>mantener una relaci\u00f3n comercial con el Usuario. Las operaciones previstas para realizar el tratamiento son:<\/p>\n<p><strong><em>Base Jur\u00eddica:<\/em><\/strong> RGPD: 6.1.a) El interesado da su consentimiento para el tratamiento de sus datos personales para uno o varios fines espec\u00edficos<\/p>\n<p>Remisi\u00f3n de comunicaciones comerciales publicitarias por email, fax, SMS, MMS, comunidades sociales o cualquier otro medio electr\u00f3nico o f\u00edsico, presente o futuro, que posibilite realizar comunicaciones comerciales. Estas comunicaciones ser\u00e1n realizadas por el RESPONSABLE y relacionadas sobre sus productos y servicios, o de sus colaboradores o proveedores con los que \u00e9ste haya alcanzado alg\u00fan acuerdo de promoci\u00f3n. En este caso, los terceros nunca tendr\u00e1n acceso a los datos personales. Realizar estudios estad\u00edsticos. Tramitar encargos, presupuestos, solicitudes o cualquier tipo de petici\u00f3n que sea realizada por el usuario a trav\u00e9s de cualquiera de las formas de contacto que se ponen a su disposici\u00f3n. Remitir el bolet\u00edn de noticias de la p\u00e1gina web.<\/p>\n<p><strong>Criterios de conservaci\u00f3n de los datos<\/strong>: se conservar\u00e1n durante no m\u00e1s tiempo del necesario, para mantener el fin del tratamiento y cuando ya no sea necesario para tal fin, se suprimir\u00e1n con medidas de seguridad adecuadas para garantizar la seudonimizaci\u00f3n de los datos o la destrucci\u00f3n total de los mismos.<\/p>\n<p><strong>Comunicaci\u00f3n de los datos<\/strong>: No se comunicar\u00e1n los datos a terceros, salvo obligaci\u00f3n legal.<\/p>\n<p><strong>Derechos que asisten al Usuario:<\/strong><\/p>\n<ul>\n<li>Derecho a retirar el consentimiento en cualquier momento.<\/li>\n<li>Derecho de acceso, rectificaci\u00f3n, portabilidad y supresi\u00f3n de sus datos y a la limitaci\u00f3n u oposici\u00f3n al su tratamiento.<\/li>\n<li>Derecho a presentar una reclamaci\u00f3n ante la autoridad de control (agpd.es) si considera que el tratamiento no se ajusta a la normativa vigente.<\/li>\n<\/ul>\n<p><strong>Datos de contacto para ejercer sus derechos:<\/strong> <em>VER PUNTO 3<\/em><\/p>\n<p><strong>\u00a0<\/strong><\/p>\n<p><strong>\u00a0<\/strong><\/p>\n<h3>2.-<u>Pesta\u00f1a \u201cContacto<\/u>\u201d<\/h3>\n<p><strong>Fin del tratamiento:<\/strong> Poder atender cualquier consulta, informaci\u00f3n, solicitud preguntas, sugerencias o similar por parte de los interesados de nuestros productos o servicios.<\/p>\n<p><strong>Criterios de conservaci\u00f3n de los datos:<\/strong> se conservar\u00e1n durante no m\u00e1s tiempo del necesario, para mantener el fin del tratamiento y cuando ya no sea necesario para tal fin, se suprimir\u00e1n con medidas de seguridad adecuadas para garantizar la seudonimizaci\u00f3n de los datos o la destrucci\u00f3n total de los mismos.<\/p>\n<p><strong>Comunicaci\u00f3n de los datos:<\/strong> No se comunicar\u00e1n los datos a terceros, salvo obligaci\u00f3n legal.<\/p>\n<p><strong>Derechos que asisten al Usuario:<\/strong><\/p>\n<ul>\n<li>Derecho a retirar el consentimiento en cualquier momento.<\/li>\n<li>Derecho de acceso, rectificaci\u00f3n, portabilidad y supresi\u00f3n de sus datos y a la limitaci\u00f3n u oposici\u00f3n al su tratamiento.<\/li>\n<li>Derecho a presentar una reclamaci\u00f3n ante la autoridad de control (agpd.es) si considera que el tratamiento no se ajusta a la normativa vigente.<\/li>\n<\/ul>\n<p><strong>Datos de contacto para ejercer sus derechos: <\/strong><em>VER PUNTO 3<\/em><\/p>\n<h3>3.- <u>Datos de contacto para ejercer sus derechos<\/u>:<\/h3>\n<p><strong>\u201c<\/strong><strong>GLOBAL PREMIUM BRANDS, S.A<\/strong><strong>.\u201d <\/strong>con NIF<strong> A84615483<\/strong>, con domicilio en la Calle Conde de Romanones, 18, Azuqueca de Henares, C.P. 19200, de Guadalajara, Castilla de La Mancha. Espa\u00f1a.<\/p>\n<p>O bien al correo: <a href=\"mailto:lopd@globalpremiumbrands.com\">lopd@globalpremiumbrands.com<\/a><\/p>\n<h3>4.- <u>Enlaces \u201cRedes Sociales<\/u>\u201d.<\/h3>\n<p>Los enlaces que re-direccionan el sitio web a los diferentes perfiles de redes sociales como Facebook, Twitter, Instagram, etc. que pertenecen a <strong>\u201c<\/strong><strong>GLOBAL PREMIUM BRANDS, S.A<\/strong><strong>.\u201d, <\/strong>est\u00e1n concebidos para que los usuarios de puedan acceder de forma directa a los mismos y as\u00ed poder interactuar, expresar opiniones, ideas y dem\u00e1s comentarios relacionados con la\u00a0entidad, sus servicios o productos. La entidad <strong>\u201c<\/strong><strong>GLOBAL PREMIUM BRANDS, S.A<\/strong><strong>.\u201d<\/strong><strong>,<\/strong> no se hace responsable de los comentarios expresados, fotos o v\u00eddeos publicados por la comunidad de usuarios, aunque podr\u00e1 vetar, borrar o eliminar comentarios, fotos o v\u00eddeos indecorosos o fuera de lugar.\u00a0 Cualquier responsabilidad acerca de las diferentes plataformas de redes sociales, ver su propia Pol\u00edtica de Privacidad.<\/p>\n<h3>5.- <u>Car\u00e1cter obligatorio o facultativo de la informaci\u00f3n facilitada por el usuario<\/u><\/h3>\n<p>Los Usuarios, mediante la marcaci\u00f3n de las casillas correspondientes y entrada de datos en los campos, marcados con un asterisco (*) en el formulario de contacto o presentados en formularios de descarga, aceptan expresamente y de forma libre e inequ\u00edvoca, que sus datos son necesarios para atender su petici\u00f3n, por parte del prestador, siendo voluntaria la inclusi\u00f3n de datos en los campos restantes. El Usuario garantiza que los datos personales facilitados al RESPONSABLE son veraces y se hace responsable de comunicar cualquier modificaci\u00f3n de los mismos. El RESPONSABLE informa y garantiza expresamente a los usuarios que sus datos personales no ser\u00e1n cedidos en ning\u00fan caso a terceros, y que siempre que realizar\u00e1 alg\u00fan tipo de cesi\u00f3n de datos personales, se pedir\u00e1 previamente el consentimiento expreso, informado e inequ\u00edvoco por parte los Usuarios. Todos los datos solicitados a trav\u00e9s del sitio web son obligatorios, ya que son necesarios para la prestaci\u00f3n de un servicio \u00f3ptimo al Usuario. En caso de que no sean facilitados todos los datos, no se garantiza que la informaci\u00f3n y servicios facilitados sean completamente ajustados a sus necesidades.<\/p>\n<h3>6<u>.- Medidas de seguridad<\/u><\/h3>\n<p>Que de conformidad con lo dispuesto en las normativas vigentes en protecci\u00f3n de datos personales, el RESPONSABLE est\u00e1 cumpliendo con todas las disposiciones de las normativas GDPR y LOPDGDD para el tratamiento de los datos personales de su responsabilidad, y manifiestamente con los principios descritos en el art\u00edculo 5 del GDPR y en el art\u00edculo 4 de la LOPDGDD, por los cuales son tratados de manera l\u00edcita, leal y transparente en relaci\u00f3n con el interesado y adecuados, pertinentes y limitados a lo necesario en relaci\u00f3n con los fines para los que son tratados. El RESPONSABLE garantiza que ha implementado pol\u00edticas t\u00e9cnicas y organizativas apropiadas para aplicar las medidas de seguridad que establecen el GDPR y la LOPDGDD con el fin de proteger los derechos y libertades de los Usuarios y les ha comunicado la informaci\u00f3n adecuada para que puedan ejercerlos.<\/p>\n<h3>7.-<u>Enlaces<\/u>.<\/h3>\n<p>Esta pol\u00edtica de privacidad s\u00f3lo es de aplicaci\u00f3n a la p\u00e1gina web de <a href=\"http:\/\/ginmare.com\/\">http:\/\/ginmare.com\/<\/a> no se garantiza en los accesos a trav\u00e9s de enlaces con este sitio, ni a los enlaces desde este sitio con otras webs.<\/p>\n<h3>8.-<u>Contenidos de la WEB<\/u>.<\/h3>\n<p>Queda prohibida la reproducci\u00f3n total o parcial, incluso el volcado del contenido a cualquier soporte, sin expresa autorizaci\u00f3n de <strong>\u201c<\/strong><strong>GLOBAL PREMIUM BRANDS, S.A<\/strong><strong>.\u201d<\/strong><\/p>\n<h3>9<u>.- Informaci\u00f3n Adicional en Protecci\u00f3n de datos<\/u>: Contactos<\/h3>\n<p><strong>\u00a0<\/strong><\/p>\n<table width=\"491\">\n<tbody>\n<tr>\n<td width=\"106\"><strong>Responsable<\/strong><\/td>\n<td width=\"385\">\u201c<strong>GLOBAL PREMIUM BRANDS, S.A<\/strong><strong>.\u201d <\/strong>con NIF<strong> A84615483<\/strong>, con domicilio en la Calle Conde de Romanones, 18, Azuqueca de Henares, C.P. 19200, de Guadalajara, Castilla de La Mancha. Espa\u00f1a. Correo Electr\u00f3nico: <a href=\"mailto:lopd@globalpremiumbrands.com\">lopd@globalpremiumbrands.com<\/a> .<\/td>\n<\/tr>\n<tr>\n<td width=\"106\"><strong>Finalidad<\/strong><\/td>\n<td width=\"385\">Tratamos la informaci\u00f3n que nos facilita con el fin de poder realizar la gesti\u00f3n integral administrativa de los contactos.<\/td>\n<\/tr>\n<tr>\n<td width=\"106\"><strong>Legitimaci\u00f3n<\/strong><\/td>\n<td width=\"385\">RGPD: 6.1.a) El interesado dio su consentimiento para el tratamiento de sus datos personales para uno o varios fines espec\u00edficos.<\/td>\n<\/tr>\n<tr>\n<td width=\"106\"><strong>Plazo de Conservaci\u00f3n<\/strong><\/td>\n<td width=\"385\">Se conservar\u00e1n durante no m\u00e1s tiempo del necesario, para mantener el fin del tratamiento y cuando ya no sea necesario para tal fin, se suprimir\u00e1n con medidas de seguridad adecuadas para garantizar la seudonimizaci\u00f3n de los datos o la destrucci\u00f3n total de los mismos.<\/td>\n<\/tr>\n<tr>\n<td width=\"106\"><strong>Destinatarios<\/strong><\/td>\n<td width=\"385\">No se comunicar\u00e1n los datos a terceros, salvo obligaci\u00f3n legal.<\/td>\n<\/tr>\n<tr>\n<td width=\"106\"><strong>Derechos de los interesados<\/strong><\/td>\n<td width=\"385\">Usted tiene derecho a obtener confirmaci\u00f3n, sobre si en <strong>\u201c<\/strong><strong>GLOBAL PREMIUM BRANDS, S.A<\/strong><strong>.<\/strong><strong>\u201d,<\/strong> estamos tratando sus datos personales por tanto tiene derecho a acceder a sus datos personales, rectificar los datos inexactos o solicitar su supresi\u00f3n cuando los datos ya no sean necesarios, portabilidad de los mismos, oposici\u00f3n y limitaci\u00f3n a su tratamiento. Tambi\u00e9n tiene derecho a retirar su consentimiento en cualquier momento y de presentar una reclamaci\u00f3n ante la Autoridad de Control (<a href=\"https:\/\/www.aepd.es\/reglamento\/derechos\/index.html\">https:\/\/www.aepd.es\/reglamento\/derechos\/index.html<\/a>), si considera que el tratamiento no se ajusta a la normativa vigente. <a href=\"http:\/\/www.agpd.es\">www.agpd.es<\/a>. Calle Jorge Juan 6, 28001. Madrid. <strong>\u00bfC\u00f3mo se pueden ejercer los derechos? <\/strong>Mediante un escrito dirigido al Responsable del Tratamiento.<\/td>\n<\/tr>\n<\/tbody>\n<\/table>\n","protected":false},"excerpt":{"rendered":"<p>1.- Informaci\u00f3n al usuario \u201cGLOBAL PREMIUM BRANDS, S.A.\u201d, en adelante RESPONSABLE, es el Responsable del tratamiento de los datos personales del Usuario y le informa que estos datos ser\u00e1n tratados de conformidad con lo dispuesto en las normativas vigentes en protecci\u00f3n de datos personales, el Reglamento Europeo UE 2016\/679 de 27 de abril de 2016. [&hellip;]<\/p>\n","protected":false},"author":1,"featured_media":0,"parent":0,"menu_order":20,"comment_status":"closed","ping_status":"closed","template":"","meta":{"_acf_changed":false,"_gspb_post_css":"","footnotes":""},"class_list":["post-8","page","type-page","status-publish","hentry"],"acf":[],"yoast_head":"<!-- This site is optimized with the Yoast SEO plugin v27.2 - https:\/\/yoast.com\/product\/yoast-seo-wordpress\/ -->\n<title>Pol\u00edtica de privacidad - Gin Mare Espa\u00f1a<\/title>\n<meta name=\"description\" content=\"1.- Informaci\u00f3n al usuario \u201cGLOBAL PREMIUM BRANDS, S.A.\u201d, en adelante RESPONSABLE, es el Responsable del tratamiento de los datos personales del Usuario y\" \/>\n<meta name=\"robots\" content=\"index, follow, max-snippet:-1, max-image-preview:large, max-video-preview:-1\" \/>\n<link rel=\"canonical\" href=\"https:\/\/dev-gm-22.pantheonsite.io\/es-es\/politica-de-privacidad\/\" \/>\n<meta property=\"og:locale\" content=\"es_ES\" \/>\n<meta property=\"og:type\" content=\"article\" \/>\n<meta property=\"og:title\" content=\"Pol\u00edtica de privacidad - Gin Mare Espa\u00f1a\" \/>\n<meta property=\"og:description\" content=\"1.- Informaci\u00f3n al usuario \u201cGLOBAL PREMIUM BRANDS, S.A.\u201d, en adelante RESPONSABLE, es el Responsable del tratamiento de los datos personales del Usuario y\" \/>\n<meta property=\"og:url\" content=\"https:\/\/dev-gm-22.pantheonsite.io\/es-es\/politica-de-privacidad\/\" \/>\n<meta property=\"og:site_name\" content=\"Gin Mare Espa\u00f1a\" \/>\n<meta property=\"article:modified_time\" content=\"2020-10-06T14:14:04+00:00\" \/>\n<meta name=\"twitter:card\" content=\"summary_large_image\" \/>\n<meta name=\"twitter:label1\" content=\"Tiempo de lectura\" \/>\n\t<meta name=\"twitter:data1\" content=\"7 minutos\" \/>\n<script type=\"application\/ld+json\" class=\"yoast-schema-graph\">{\"@context\":\"https:\/\/schema.org\",\"@graph\":[{\"@type\":\"WebPage\",\"@id\":\"https:\/\/dev-gm-22.pantheonsite.io\/es-es\/politica-de-privacidad\/\",\"url\":\"https:\/\/dev-gm-22.pantheonsite.io\/es-es\/politica-de-privacidad\/\",\"name\":\"Pol\u00edtica de privacidad - Gin Mare Espa\u00f1a\",\"isPartOf\":{\"@id\":\"https:\/\/dev-gm-22.pantheonsite.io\/es-es\/#website\"},\"datePublished\":\"2020-09-28T08:25:23+00:00\",\"dateModified\":\"2020-10-06T14:14:04+00:00\",\"description\":\"1.- Informaci\u00f3n al usuario \u201cGLOBAL PREMIUM BRANDS, S.A.\u201d, en adelante RESPONSABLE, es el Responsable del tratamiento de los datos personales del Usuario y\",\"breadcrumb\":{\"@id\":\"https:\/\/dev-gm-22.pantheonsite.io\/es-es\/politica-de-privacidad\/#breadcrumb\"},\"inLanguage\":\"es\",\"potentialAction\":[{\"@type\":\"ReadAction\",\"target\":[\"https:\/\/dev-gm-22.pantheonsite.io\/es-es\/politica-de-privacidad\/\"]}]},{\"@type\":\"BreadcrumbList\",\"@id\":\"https:\/\/dev-gm-22.pantheonsite.io\/es-es\/politica-de-privacidad\/#breadcrumb\",\"itemListElement\":[{\"@type\":\"ListItem\",\"position\":1,\"name\":\"Portada\",\"item\":\"https:\/\/dev-gm-22.pantheonsite.io\/es-es\/\"},{\"@type\":\"ListItem\",\"position\":2,\"name\":\"Pol\u00edtica de privacidad\"}]},{\"@type\":\"WebSite\",\"@id\":\"https:\/\/dev-gm-22.pantheonsite.io\/es-es\/#website\",\"url\":\"https:\/\/dev-gm-22.pantheonsite.io\/es-es\/\",\"name\":\"Gin Mare Espa\u00f1a\",\"description\":\"We have managed to distill and bottle the mediterranean to export it to the world.\",\"potentialAction\":[{\"@type\":\"SearchAction\",\"target\":{\"@type\":\"EntryPoint\",\"urlTemplate\":\"https:\/\/dev-gm-22.pantheonsite.io\/es-es\/?s={search_term_string}\"},\"query-input\":{\"@type\":\"PropertyValueSpecification\",\"valueRequired\":true,\"valueName\":\"search_term_string\"}}],\"inLanguage\":\"es\"}]}<\/script>\n<!-- \/ Yoast SEO plugin. -->","yoast_head_json":{"title":"Pol\u00edtica de privacidad - Gin Mare Espa\u00f1a","description":"1.- Informaci\u00f3n al usuario \u201cGLOBAL PREMIUM BRANDS, S.A.\u201d, en adelante RESPONSABLE, es el Responsable del tratamiento de los datos personales del Usuario y","robots":{"index":"index","follow":"follow","max-snippet":"max-snippet:-1","max-image-preview":"max-image-preview:large","max-video-preview":"max-video-preview:-1"},"canonical":"https:\/\/dev-gm-22.pantheonsite.io\/es-es\/politica-de-privacidad\/","og_locale":"es_ES","og_type":"article","og_title":"Pol\u00edtica de privacidad - Gin Mare Espa\u00f1a","og_description":"1.- Informaci\u00f3n al usuario \u201cGLOBAL PREMIUM BRANDS, S.A.\u201d, en adelante RESPONSABLE, es el Responsable del tratamiento de los datos personales del Usuario y","og_url":"https:\/\/dev-gm-22.pantheonsite.io\/es-es\/politica-de-privacidad\/","og_site_name":"Gin Mare Espa\u00f1a","article_modified_time":"2020-10-06T14:14:04+00:00","twitter_card":"summary_large_image","twitter_misc":{"Tiempo de lectura":"7 minutos"},"schema":{"@context":"https:\/\/schema.org","@graph":[{"@type":"WebPage","@id":"https:\/\/dev-gm-22.pantheonsite.io\/es-es\/politica-de-privacidad\/","url":"https:\/\/dev-gm-22.pantheonsite.io\/es-es\/politica-de-privacidad\/","name":"Pol\u00edtica de privacidad - Gin Mare Espa\u00f1a","isPartOf":{"@id":"https:\/\/dev-gm-22.pantheonsite.io\/es-es\/#website"},"datePublished":"2020-09-28T08:25:23+00:00","dateModified":"2020-10-06T14:14:04+00:00","description":"1.- Informaci\u00f3n al usuario \u201cGLOBAL PREMIUM BRANDS, S.A.\u201d, en adelante RESPONSABLE, es el Responsable del tratamiento de los datos personales del Usuario y","breadcrumb":{"@id":"https:\/\/dev-gm-22.pantheonsite.io\/es-es\/politica-de-privacidad\/#breadcrumb"},"inLanguage":"es","potentialAction":[{"@type":"ReadAction","target":["https:\/\/dev-gm-22.pantheonsite.io\/es-es\/politica-de-privacidad\/"]}]},{"@type":"BreadcrumbList","@id":"https:\/\/dev-gm-22.pantheonsite.io\/es-es\/politica-de-privacidad\/#breadcrumb","itemListElement":[{"@type":"ListItem","position":1,"name":"Portada","item":"https:\/\/dev-gm-22.pantheonsite.io\/es-es\/"},{"@type":"ListItem","position":2,"name":"Pol\u00edtica de privacidad"}]},{"@type":"WebSite","@id":"https:\/\/dev-gm-22.pantheonsite.io\/es-es\/#website","url":"https:\/\/dev-gm-22.pantheonsite.io\/es-es\/","name":"Gin Mare Espa\u00f1a","description":"We have managed to distill and bottle the mediterranean to export it to the world.","potentialAction":[{"@type":"SearchAction","target":{"@type":"EntryPoint","urlTemplate":"https:\/\/dev-gm-22.pantheonsite.io\/es-es\/?s={search_term_string}"},"query-input":{"@type":"PropertyValueSpecification","valueRequired":true,"valueName":"search_term_string"}}],"inLanguage":"es"}]}},"_links":{"self":[{"href":"https:\/\/www.ginmare.com\/es-es\/wp-json\/wp\/v2\/pages\/8","targetHints":{"allow":["GET"]}}],"collection":[{"href":"https:\/\/www.ginmare.com\/es-es\/wp-json\/wp\/v2\/pages"}],"about":[{"href":"https:\/\/www.ginmare.com\/es-es\/wp-json\/wp\/v2\/types\/page"}],"author":[{"embeddable":true,"href":"https:\/\/www.ginmare.com\/es-es\/wp-json\/wp\/v2\/users\/1"}],"replies":[{"embeddable":true,"href":"https:\/\/www.ginmare.com\/es-es\/wp-json\/wp\/v2\/comments?post=8"}],"version-history":[{"count":4,"href":"https:\/\/www.ginmare.com\/es-es\/wp-json\/wp\/v2\/pages\/8\/revisions"}],"predecessor-version":[{"id":297,"href":"https:\/\/www.ginmare.com\/es-es\/wp-json\/wp\/v2\/pages\/8\/revisions\/297"}],"wp:attachment":[{"href":"https:\/\/www.ginmare.com\/es-es\/wp-json\/wp\/v2\/media?parent=8"}],"curies":[{"name":"wp","href":"https:\/\/api.w.org\/{rel}","templated":true}]}}